







{"id":375,"date":"2017-05-17T10:33:52","date_gmt":"2017-05-17T08:33:52","guid":{"rendered":"http:\/\/localhost\/rugbyclubvesoul\/?page_id=375"},"modified":"2020-09-02T23:48:02","modified_gmt":"2020-09-02T21:48:02","slug":"inscriptions-jeunes-et-edr","status":"publish","type":"page","link":"http:\/\/rugby-vesoul.net\/?page_id=375","title":{"rendered":"Inscriptions Jeunes et EDR"},"content":{"rendered":"\t\t<div data-elementor-type=\"wp-post\" data-elementor-id=\"375\" class=\"elementor elementor-375\" data-elementor-settings=\"[]\">\n\t\t\t\t\t\t<div class=\"elementor-inner\">\n\t\t\t\t\t\t\t<div class=\"elementor-section-wrap\">\n\t\t\t\t\t\t\t<section class=\"elementor-section elementor-top-section elementor-element elementor-element-2xf3kfa elementor-section-boxed elementor-section-height-default elementor-section-height-default\" data-id=\"2xf3kfa\" data-element_type=\"section\">\n\t\t\t\t\t\t<div class=\"elementor-container elementor-column-gap-default\">\n\t\t\t\t\t\t\t<div class=\"elementor-row\">\n\t\t\t\t\t<div class=\"elementor-column elementor-col-100 elementor-top-column elementor-element elementor-element-5rolhxv\" data-id=\"5rolhxv\" data-element_type=\"column\">\n\t\t\t<div class=\"elementor-column-wrap elementor-element-populated\">\n\t\t\t\t\t\t\t<div class=\"elementor-widget-wrap\">\n\t\t\t\t\t\t<div class=\"elementor-element elementor-element-fezorav elementor-widget elementor-widget-heading\" data-id=\"fezorav\" data-element_type=\"widget\" data-widget_type=\"heading.default\">\n\t\t\t\t<div class=\"elementor-widget-container\">\n\t\t\t<h2 class=\"elementor-heading-title elementor-size-xl\">SAISON 2020 - 2021<\/h2>\t\t<\/div>\n\t\t\t\t<\/div>\n\t\t\t\t\t\t<\/div>\n\t\t\t\t\t<\/div>\n\t\t<\/div>\n\t\t\t\t\t\t\t\t<\/div>\n\t\t\t\t\t<\/div>\n\t\t<\/section>\n\t\t\t\t<section class=\"elementor-section elementor-top-section elementor-element elementor-element-0otzs82 elementor-section-boxed elementor-section-height-default elementor-section-height-default\" data-id=\"0otzs82\" data-element_type=\"section\">\n\t\t\t\t\t\t<div class=\"elementor-container elementor-column-gap-default\">\n\t\t\t\t\t\t\t<div class=\"elementor-row\">\n\t\t\t\t\t<div class=\"elementor-column elementor-col-100 elementor-top-column elementor-element elementor-element-eyqu5v5\" data-id=\"eyqu5v5\" data-element_type=\"column\" data-settings=\"{&quot;background_background&quot;:&quot;classic&quot;}\">\n\t\t\t<div class=\"elementor-column-wrap elementor-element-populated\">\n\t\t\t\t\t\t\t<div class=\"elementor-widget-wrap\">\n\t\t\t\t\t\t<div class=\"elementor-element elementor-element-2ru0zh2 elementor-widget elementor-widget-text-editor\" data-id=\"2ru0zh2\" data-element_type=\"widget\" data-widget_type=\"text-editor.default\">\n\t\t\t\t<div class=\"elementor-widget-container\">\n\t\t\t\t\t<div class=\"elementor-text-editor elementor-clearfix\"><h3><span style=\"text-decoration: underline;\"><em><span style=\"color: #ffcc00; text-decoration: underline;\">ECOLE<\/span><strong><span style=\"color: #ffcc00; text-decoration: underline;\"> DE RUGBY<\/span><\/strong><\/em><\/span><\/h3><div><span style=\"text-decoration: underline;\"><em><strong><span style=\"color: #ffcc00; text-decoration: underline;\">\u00a0<\/span><\/strong><\/em><\/span><\/div><p><span style=\"color: #000000;\"><strong>L&rsquo;\u00e9cole de rugby accueille les jeunes de 5 ans \u00e0 13 ans (de 2015 \u00e0 2007)<\/strong><\/span><strong style=\"color: #000000; font-size: 14px;\">\u00a0pour les gar\u00e7ons\u00a0<\/strong><\/p><p><strong style=\"color: #000000; font-size: 14px;\">et jusqu&rsquo;\u00e0 14 ans pour les filles (2006)<\/strong><\/p><p><strong style=\"color: #000000; font-size: 14px;\">Nous proposons 2 entra\u00eenements par semaine (mercredi de 16h30 \u00e0 18h00) et samedi de 10h00\u00a0 \u00e0 11h30)<\/strong><\/p><pre><strong style=\"color: #000000; font-size: 14px;\">Renseignements et inscriptions aupr\u00e8s de C\u00e9cile FOURNIER au 06.73.52.46.13<\/strong><\/pre><h3><span style=\"color: #ffcc00;\"><strong><em><span style=\"text-decoration: underline;\">CADETS ET JUNIORS<\/span><\/em><\/strong><\/span><\/h3><div><span style=\"color: #ffcc00;\"><strong><em><span style=\"text-decoration: underline;\">\u00a0<\/span><\/em><\/strong><\/span><\/div><p><strong><span style=\"color: #000000;\">Les cadets ont entre 14 et 16 ans (2006 &amp; 2005)<\/span><\/strong><\/p><p><span style=\"color: #000000;\"><strong>Les juniors ont entre 16 et 18 ans (n\u00e9s entre le 1er septembre 2002 et le 31 d\u00e9cembre 2004)<\/strong><\/span><\/p><p><span style=\"color: #000000;\"><strong>Nous proposons 2 entra\u00eenements par semaine (mardi et jeudi de 18h15 \u00e0 19h30)<\/strong><\/span><\/p><pre><strong>Renseignements et inscriptions aupr\u00e8s de Benjamin Foulon 07.86.09.08.79<\/strong><\/pre><\/div>\n\t\t\t\t<\/div>\n\t\t\t\t<\/div>\n\t\t\t\t\t\t<\/div>\n\t\t\t\t\t<\/div>\n\t\t<\/div>\n\t\t\t\t\t\t\t\t<\/div>\n\t\t\t\t\t<\/div>\n\t\t<\/section>\n\t\t\t\t<section class=\"elementor-section elementor-top-section elementor-element elementor-element-3v4i5jw elementor-section-boxed elementor-section-height-default elementor-section-height-default\" data-id=\"3v4i5jw\" data-element_type=\"section\">\n\t\t\t\t\t\t<div class=\"elementor-container elementor-column-gap-default\">\n\t\t\t\t\t\t\t<div class=\"elementor-row\">\n\t\t\t\t\t<div class=\"elementor-column elementor-col-100 elementor-top-column elementor-element elementor-element-xc4vitr\" data-id=\"xc4vitr\" data-element_type=\"column\">\n\t\t\t<div class=\"elementor-column-wrap\">\n\t\t\t\t\t\t\t<div class=\"elementor-widget-wrap\">\n\t\t\t\t\t\t\t\t<\/div>\n\t\t\t\t\t<\/div>\n\t\t<\/div>\n\t\t\t\t\t\t\t\t<\/div>\n\t\t\t\t\t<\/div>\n\t\t<\/section>\n\t\t\t\t<section class=\"elementor-section elementor-top-section elementor-element elementor-element-emgding elementor-section-boxed elementor-section-height-default elementor-section-height-default\" data-id=\"emgding\" data-element_type=\"section\">\n\t\t\t\t\t\t<div class=\"elementor-container elementor-column-gap-default\">\n\t\t\t\t\t\t\t<div class=\"elementor-row\">\n\t\t\t\t\t<div class=\"elementor-column elementor-col-100 elementor-top-column elementor-element elementor-element-lxnl64q\" data-id=\"lxnl64q\" data-element_type=\"column\">\n\t\t\t<div class=\"elementor-column-wrap\">\n\t\t\t\t\t\t\t<div class=\"elementor-widget-wrap\">\n\t\t\t\t\t\t\t\t<\/div>\n\t\t\t\t\t<\/div>\n\t\t<\/div>\n\t\t\t\t\t\t\t\t<\/div>\n\t\t\t\t\t<\/div>\n\t\t<\/section>\n\t\t\t\t\t\t<\/div>\n\t\t\t\t\t\t<\/div>\n\t\t\t\t\t<\/div>\n\t\t","protected":false},"excerpt":{"rendered":"<p>SAISON 2020 &#8211; 2021 ECOLE DE RUGBY \u00a0 L&rsquo;\u00e9cole de rugby accueille les jeunes de 5 ans \u00e0 13 ans (de 2015 \u00e0 2007)\u00a0pour les gar\u00e7ons\u00a0 et jusqu&rsquo;\u00e0 14 ans pour les filles (2006) Nous proposons 2 entra\u00eenements par semaine (mercredi de 16h30 \u00e0 18h00) et samedi de 10h00\u00a0 \u00e0 [&hellip;]<\/p>\n","protected":false},"author":1,"featured_media":0,"parent":0,"menu_order":0,"comment_status":"closed","ping_status":"closed","template":"","meta":[],"_links":{"self":[{"href":"http:\/\/rugby-vesoul.net\/index.php?rest_route=\/wp\/v2\/pages\/375"}],"collection":[{"href":"http:\/\/rugby-vesoul.net\/index.php?rest_route=\/wp\/v2\/pages"}],"about":[{"href":"http:\/\/rugby-vesoul.net\/index.php?rest_route=\/wp\/v2\/types\/page"}],"author":[{"embeddable":true,"href":"http:\/\/rugby-vesoul.net\/index.php?rest_route=\/wp\/v2\/users\/1"}],"replies":[{"embeddable":true,"href":"http:\/\/rugby-vesoul.net\/index.php?rest_route=%2Fwp%2Fv2%2Fcomments&post=375"}],"version-history":[{"count":17,"href":"http:\/\/rugby-vesoul.net\/index.php?rest_route=\/wp\/v2\/pages\/375\/revisions"}],"predecessor-version":[{"id":1701,"href":"http:\/\/rugby-vesoul.net\/index.php?rest_route=\/wp\/v2\/pages\/375\/revisions\/1701"}],"wp:attachment":[{"href":"http:\/\/rugby-vesoul.net\/index.php?rest_route=%2Fwp%2Fv2%2Fmedia&parent=375"}],"curies":[{"name":"wp","href":"https:\/\/api.w.org\/{rel}","templated":true}]}}