







{"id":371,"date":"2017-05-17T10:21:26","date_gmt":"2017-05-17T08:21:26","guid":{"rendered":"http:\/\/localhost\/rugbyclubvesoul\/?page_id=371"},"modified":"2019-07-19T02:52:24","modified_gmt":"2019-07-19T00:52:24","slug":"inscriptions-seniors","status":"publish","type":"page","link":"http:\/\/rugby-vesoul.net\/?page_id=371","title":{"rendered":"Inscriptions S\u00e9niors"},"content":{"rendered":"\t\t<div data-elementor-type=\"wp-post\" data-elementor-id=\"371\" class=\"elementor elementor-371\" data-elementor-settings=\"[]\">\n\t\t\t\t\t\t<div class=\"elementor-inner\">\n\t\t\t\t\t\t\t<div class=\"elementor-section-wrap\">\n\t\t\t\t\t\t\t<section class=\"elementor-section elementor-top-section elementor-element elementor-element-ve96bqs elementor-section-boxed elementor-section-height-default elementor-section-height-default\" data-id=\"ve96bqs\" data-element_type=\"section\">\n\t\t\t\t\t\t<div class=\"elementor-container elementor-column-gap-default\">\n\t\t\t\t\t\t\t<div class=\"elementor-row\">\n\t\t\t\t\t<div class=\"elementor-column elementor-col-100 elementor-top-column elementor-element elementor-element-vogvnyj\" data-id=\"vogvnyj\" data-element_type=\"column\">\n\t\t\t<div class=\"elementor-column-wrap elementor-element-populated\">\n\t\t\t\t\t\t\t<div class=\"elementor-widget-wrap\">\n\t\t\t\t\t\t<div class=\"elementor-element elementor-element-zrysgi7 elementor-widget elementor-widget-text-editor\" data-id=\"zrysgi7\" data-element_type=\"widget\" data-widget_type=\"text-editor.default\">\n\t\t\t\t<div class=\"elementor-widget-container\">\n\t\t\t\t\t<div class=\"elementor-text-editor elementor-clearfix\"><h4><span style=\"text-decoration: underline;\"><strong>Contacts<\/strong><\/span><\/h4><h4><strong>St\u00e9phane HALPER : 06 07 62 74 01<\/strong><\/h4><h4><strong>Thomas MARECHAL : 06 82 70 51 03<\/strong><\/h4><\/div>\n\t\t\t\t<\/div>\n\t\t\t\t<\/div>\n\t\t\t\t\t\t<\/div>\n\t\t\t\t\t<\/div>\n\t\t<\/div>\n\t\t\t\t\t\t\t\t<\/div>\n\t\t\t\t\t<\/div>\n\t\t<\/section>\n\t\t\t\t<section class=\"elementor-section elementor-top-section elementor-element elementor-element-702eab9 elementor-section-boxed elementor-section-height-default elementor-section-height-default\" data-id=\"702eab9\" data-element_type=\"section\">\n\t\t\t\t\t\t<div class=\"elementor-container elementor-column-gap-default\">\n\t\t\t\t\t\t\t<div class=\"elementor-row\">\n\t\t\t\t\t<div class=\"elementor-column elementor-col-33 elementor-top-column elementor-element elementor-element-8190a9a\" data-id=\"8190a9a\" data-element_type=\"column\">\n\t\t\t<div class=\"elementor-column-wrap elementor-element-populated\">\n\t\t\t\t\t\t\t<div class=\"elementor-widget-wrap\">\n\t\t\t\t\t\t<div class=\"elementor-element elementor-element-585d67c elementor-widget elementor-widget-image\" data-id=\"585d67c\" data-element_type=\"widget\" data-widget_type=\"image.default\">\n\t\t\t\t<div class=\"elementor-widget-container\">\n\t\t\t\t\t<div class=\"elementor-image\">\n\t\t\t\t\t\t\t\t\t\t<img src=\"http:\/\/rugby-vesoul.net\/wp-content\/uploads\/2019\/07\/20190719_0119091.png\" title=\"20190719_011909[1]\" alt=\"20190719_011909[1]\" \/>\t\t\t\t\t\t\t\t\t\t\t<\/div>\n\t\t\t\t<\/div>\n\t\t\t\t<\/div>\n\t\t\t\t<div class=\"elementor-element elementor-element-7d9fa57 elementor-widget elementor-widget-image\" data-id=\"7d9fa57\" data-element_type=\"widget\" data-widget_type=\"image.default\">\n\t\t\t\t<div class=\"elementor-widget-container\">\n\t\t\t\t\t<div class=\"elementor-image\">\n\t\t\t\t\t\t\t\t\t\t<img width=\"313\" height=\"155\" src=\"http:\/\/rugby-vesoul.net\/wp-content\/uploads\/2019\/07\/20190719_0222291.png\" class=\"attachment-large size-large\" alt=\"\" loading=\"lazy\" srcset=\"http:\/\/rugby-vesoul.net\/wp-content\/uploads\/2019\/07\/20190719_0222291.png 313w, http:\/\/rugby-vesoul.net\/wp-content\/uploads\/2019\/07\/20190719_0222291-300x149.png 300w, http:\/\/rugby-vesoul.net\/wp-content\/uploads\/2019\/07\/20190719_0222291-162x80.png 162w\" sizes=\"(max-width: 313px) 100vw, 313px\" \/>\t\t\t\t\t\t\t\t\t\t\t<\/div>\n\t\t\t\t<\/div>\n\t\t\t\t<\/div>\n\t\t\t\t\t\t<\/div>\n\t\t\t\t\t<\/div>\n\t\t<\/div>\n\t\t\t\t<div class=\"elementor-column elementor-col-66 elementor-top-column elementor-element elementor-element-3b121f8\" data-id=\"3b121f8\" data-element_type=\"column\">\n\t\t\t<div class=\"elementor-column-wrap elementor-element-populated\">\n\t\t\t\t\t\t\t<div class=\"elementor-widget-wrap\">\n\t\t\t\t\t\t<div class=\"elementor-element elementor-element-ccad790 elementor-widget elementor-widget-text-editor\" data-id=\"ccad790\" data-element_type=\"widget\" data-widget_type=\"text-editor.default\">\n\t\t\t\t<div class=\"elementor-widget-container\">\n\t\t\t\t\t<div class=\"elementor-text-editor elementor-clearfix\"><h2><strong style=\"color: inherit; font-family: inherit; font-size: 22px;\">A partir du 22 JUILLET 2019<\/strong><\/h2><h3><strong>Les lundi, mercredi e<\/strong><strong>t vendredi de 19h15 <\/strong><strong>\u00e0 20h45<\/strong><\/h3><h4><span style=\"text-decoration: underline;\"><em><strong>Au Stade Ren\u00e9 HOLOGNE jusqu&rsquo;au 2 Ao\u00fbt<\/strong><\/em><\/span><\/h4><div><span style=\"text-decoration: underline;\"><em><strong>\u00a0<\/strong><\/em><\/span><\/div><div><span style=\"text-decoration: underline;\"><em><strong>\u00a0<\/strong><\/em><\/span><\/div><\/div>\n\t\t\t\t<\/div>\n\t\t\t\t<\/div>\n\t\t\t\t\t\t<\/div>\n\t\t\t\t\t<\/div>\n\t\t<\/div>\n\t\t\t\t\t\t\t\t<\/div>\n\t\t\t\t\t<\/div>\n\t\t<\/section>\n\t\t\t\t\t\t<\/div>\n\t\t\t\t\t\t<\/div>\n\t\t\t\t\t<\/div>\n\t\t","protected":false},"excerpt":{"rendered":"<p>Contacts St\u00e9phane HALPER : 06 07 62 74 01 Thomas MARECHAL : 06 82 70 51 03 A partir du 22 JUILLET 2019 Les lundi, mercredi et vendredi de 19h15 \u00e0 20h45 Au Stade Ren\u00e9 HOLOGNE jusqu&rsquo;au 2 Ao\u00fbt \u00a0\u00a0<\/p>\n","protected":false},"author":1,"featured_media":0,"parent":0,"menu_order":0,"comment_status":"closed","ping_status":"closed","template":"","meta":[],"_links":{"self":[{"href":"http:\/\/rugby-vesoul.net\/index.php?rest_route=\/wp\/v2\/pages\/371"}],"collection":[{"href":"http:\/\/rugby-vesoul.net\/index.php?rest_route=\/wp\/v2\/pages"}],"about":[{"href":"http:\/\/rugby-vesoul.net\/index.php?rest_route=\/wp\/v2\/types\/page"}],"author":[{"embeddable":true,"href":"http:\/\/rugby-vesoul.net\/index.php?rest_route=\/wp\/v2\/users\/1"}],"replies":[{"embeddable":true,"href":"http:\/\/rugby-vesoul.net\/index.php?rest_route=%2Fwp%2Fv2%2Fcomments&post=371"}],"version-history":[{"count":12,"href":"http:\/\/rugby-vesoul.net\/index.php?rest_route=\/wp\/v2\/pages\/371\/revisions"}],"predecessor-version":[{"id":1441,"href":"http:\/\/rugby-vesoul.net\/index.php?rest_route=\/wp\/v2\/pages\/371\/revisions\/1441"}],"wp:attachment":[{"href":"http:\/\/rugby-vesoul.net\/index.php?rest_route=%2Fwp%2Fv2%2Fmedia&parent=371"}],"curies":[{"name":"wp","href":"https:\/\/api.w.org\/{rel}","templated":true}]}}