







{"id":173,"date":"2017-05-15T14:57:55","date_gmt":"2017-05-15T12:57:55","guid":{"rendered":"http:\/\/localhost\/rugbyclubvesoul\/?page_id=173"},"modified":"2020-01-16T01:37:34","modified_gmt":"2020-01-16T00:37:34","slug":"comment-devenir-partenaire","status":"publish","type":"page","link":"http:\/\/rugby-vesoul.net\/?page_id=173","title":{"rendered":"Devenir Partenaire"},"content":{"rendered":"\t\t<div data-elementor-type=\"wp-post\" data-elementor-id=\"173\" class=\"elementor elementor-173\" data-elementor-settings=\"[]\">\n\t\t\t\t\t\t<div class=\"elementor-inner\">\n\t\t\t\t\t\t\t<div class=\"elementor-section-wrap\">\n\t\t\t\t\t\t\t<section class=\"elementor-section elementor-top-section elementor-element elementor-element-24ckj7k elementor-section-boxed elementor-section-height-default elementor-section-height-default\" data-id=\"24ckj7k\" data-element_type=\"section\">\n\t\t\t\t\t\t<div class=\"elementor-container elementor-column-gap-default\">\n\t\t\t\t\t\t\t<div class=\"elementor-row\">\n\t\t\t\t\t<div class=\"elementor-column elementor-col-100 elementor-top-column elementor-element elementor-element-2adc878\" data-id=\"2adc878\" data-element_type=\"column\">\n\t\t\t<div class=\"elementor-column-wrap\">\n\t\t\t\t\t\t\t<div class=\"elementor-widget-wrap\">\n\t\t\t\t\t\t\t\t<\/div>\n\t\t\t\t\t<\/div>\n\t\t<\/div>\n\t\t\t\t\t\t\t\t<\/div>\n\t\t\t\t\t<\/div>\n\t\t<\/section>\n\t\t\t\t<section class=\"elementor-section elementor-top-section elementor-element elementor-element-d6b3c50 elementor-section-boxed elementor-section-height-default elementor-section-height-default\" data-id=\"d6b3c50\" data-element_type=\"section\">\n\t\t\t\t\t\t<div class=\"elementor-container elementor-column-gap-default\">\n\t\t\t\t\t\t\t<div class=\"elementor-row\">\n\t\t\t\t\t<div class=\"elementor-column elementor-col-100 elementor-top-column elementor-element elementor-element-97dd304\" data-id=\"97dd304\" data-element_type=\"column\">\n\t\t\t<div class=\"elementor-column-wrap elementor-element-populated\">\n\t\t\t\t\t\t\t<div class=\"elementor-widget-wrap\">\n\t\t\t\t\t\t<div class=\"elementor-element elementor-element-6a03a6d elementor-widget elementor-widget-text-editor\" data-id=\"6a03a6d\" data-element_type=\"widget\" data-widget_type=\"text-editor.default\">\n\t\t\t\t<div class=\"elementor-widget-container\">\n\t\t\t\t\t<div class=\"elementor-text-editor elementor-clearfix\"><p><b><span style=\"color: #0000ff;\"><em>Le m\u00e9c\u00e9nat et\/ou sponsoring, vecteurs de communication, vous permettent d\u2019accro\u00eetre,<\/em><\/span><span style=\"color: #0000ff;\"><em>&nbsp;de consolider votre notori\u00e9t\u00e9&nbsp;<\/em><em style=\"font-size: 14px;\"> et d\u2019afficher votre adh\u00e9sion aux valeurs du rugby.<\/em><\/span><\/b><\/p><\/div>\n\t\t\t\t<\/div>\n\t\t\t\t<\/div>\n\t\t\t\t\t\t<\/div>\n\t\t\t\t\t<\/div>\n\t\t<\/div>\n\t\t\t\t\t\t\t\t<\/div>\n\t\t\t\t\t<\/div>\n\t\t<\/section>\n\t\t\t\t<section class=\"elementor-section elementor-top-section elementor-element elementor-element-b1a24dd elementor-section-boxed elementor-section-height-default elementor-section-height-default\" data-id=\"b1a24dd\" data-element_type=\"section\">\n\t\t\t\t\t\t<div class=\"elementor-container elementor-column-gap-default\">\n\t\t\t\t\t\t\t<div class=\"elementor-row\">\n\t\t\t\t\t<div class=\"elementor-column elementor-col-50 elementor-top-column elementor-element elementor-element-f86dfc4\" data-id=\"f86dfc4\" data-element_type=\"column\">\n\t\t\t<div class=\"elementor-column-wrap elementor-element-populated\">\n\t\t\t\t\t\t\t<div class=\"elementor-widget-wrap\">\n\t\t\t\t\t\t<div class=\"elementor-element elementor-element-85adf72 elementor-widget elementor-widget-text-editor\" data-id=\"85adf72\" data-element_type=\"widget\" data-widget_type=\"text-editor.default\">\n\t\t\t\t<div class=\"elementor-widget-container\">\n\t\t\t\t\t<div class=\"elementor-text-editor elementor-clearfix\"><h2 style=\"text-align: center;\"><span style=\"text-decoration: underline;\"><strong>VOS MOTIVATIONS<\/strong><\/span><\/h2><p><strong>\u00a0<\/strong><\/p><ul><li><em style=\"font-size: 15px;\">CONFORTER VOTRE NOTORIETE<\/em><\/li><li><em>MAINTENIR VOTRE VISIBILITE<\/em> aupr\u00e8s de vos clients existants<\/li><li><em>ACCRO\u00ceTRE VOTRE RAYONNEMENT<\/em> vers de nouveaux clients<\/li><li><em>PROUVER VOTRE INVESTISSEMENT<\/em> dans la vie locale<\/li><li><em>COMMUNIQUER VOTRE DYNAMISME\u00a0<\/em>au-del\u00e0 de notre d\u00e9partement<\/li><li><em>DEMONTRER A VOS CLIENTS ET PARTENAIRES\u00a0<\/em>votre attachement aux valeurs morales que\u00a0v\u00e9hicule notre sport<\/li><li><em><u>ETRE ACTEUR\u00a0<\/u><\/em>de notre nouvelle\u00a0aventure nationale<em>.<\/em><\/li><\/ul><\/div>\n\t\t\t\t<\/div>\n\t\t\t\t<\/div>\n\t\t\t\t\t\t<\/div>\n\t\t\t\t\t<\/div>\n\t\t<\/div>\n\t\t\t\t<div class=\"elementor-column elementor-col-50 elementor-top-column elementor-element elementor-element-a5a2fd8\" data-id=\"a5a2fd8\" data-element_type=\"column\">\n\t\t\t<div class=\"elementor-column-wrap elementor-element-populated\">\n\t\t\t\t\t\t\t<div class=\"elementor-widget-wrap\">\n\t\t\t\t\t\t<div class=\"elementor-element elementor-element-34ee681 elementor-widget elementor-widget-text-editor\" data-id=\"34ee681\" data-element_type=\"widget\" data-widget_type=\"text-editor.default\">\n\t\t\t\t<div class=\"elementor-widget-container\">\n\t\t\t\t\t<div class=\"elementor-text-editor elementor-clearfix\"><h2 style=\"text-align: center;\"><u>NOS ENGAGEMENTS<\/u><\/h2><p><strong>\u00a0<\/strong><\/p><ul><li><em style=\"font-size: 15px;\">DIFFUSER votre logo sur notre site internet et notre page facebook<\/em><\/li><li><em>RELAYER vos offres aupr\u00e8s de nos adh\u00e9rents\u00a0<\/em><\/li><li><em>VOUS INVITER aux matchs \u00e0 domicile<\/em><\/li><li><em>VOUS PERMETTRE de rencontrer le collectif s\u00e9nior, le staff du club et d&rsquo;autres partenaires locaux lors d&rsquo;une soir\u00e9e qui vous sera d\u00e9di\u00e9e<\/em><\/li><li><em>VOUS INVITER \u00e0 notre repas dansant<\/em><\/li><\/ul><\/div>\n\t\t\t\t<\/div>\n\t\t\t\t<\/div>\n\t\t\t\t\t\t<\/div>\n\t\t\t\t\t<\/div>\n\t\t<\/div>\n\t\t\t\t\t\t\t\t<\/div>\n\t\t\t\t\t<\/div>\n\t\t<\/section>\n\t\t\t\t<section class=\"elementor-section elementor-top-section elementor-element elementor-element-6d957ee elementor-section-boxed elementor-section-height-default elementor-section-height-default\" data-id=\"6d957ee\" data-element_type=\"section\">\n\t\t\t\t\t\t<div class=\"elementor-container elementor-column-gap-default\">\n\t\t\t\t\t\t\t<div class=\"elementor-row\">\n\t\t\t\t\t<div class=\"elementor-column elementor-col-50 elementor-top-column elementor-element elementor-element-8685ccb\" data-id=\"8685ccb\" data-element_type=\"column\">\n\t\t\t<div class=\"elementor-column-wrap elementor-element-populated\">\n\t\t\t\t\t\t\t<div class=\"elementor-widget-wrap\">\n\t\t\t\t\t\t<div class=\"elementor-element elementor-element-27a545a elementor-widget elementor-widget-text-editor\" data-id=\"27a545a\" data-element_type=\"widget\" data-widget_type=\"text-editor.default\">\n\t\t\t\t<div class=\"elementor-widget-container\">\n\t\t\t\t\t<div class=\"elementor-text-editor elementor-clearfix\"><h3>COMMENT DEVENIR MECENE \/ SPONSOR<\/h3><h5 style=\"text-align: left;\">En mettant ponctuellement \u00e0 notre disposition :<\/h5><ul><li style=\"text-align: left;\"><p>Vos comp\u00e9tences professionnelles<\/p><\/li><li style=\"text-align: left;\">Votre production<\/li><li style=\"text-align: left;\">Votre technologie<\/li><\/ul><h5 style=\"text-align: left;\">En communiquant avec votre logo\u00a0:<\/h5><ul><li style=\"text-align: left;\">Sur les panneaux lat\u00e9raux au stade Pontarcher<\/li><li style=\"text-align: left;\">Sur les affiches des matchs<\/li><li style=\"text-align: left;\">En participant au renouvellement de l\u2019\u00e9quipement :<\/li><li style=\"text-align: left;\">Sur les maillots des \u00e9quipes premi\u00e8res et r\u00e9serves<\/li><li style=\"text-align: left;\">Sur les shorts des \u00e9quipes premi\u00e8res et r\u00e9serves<\/li><li style=\"text-align: left;\">Sur les shorts de l\u2019\u00e9cole de rugby<\/li><li style=\"text-align: left;\">Sur les maillots de l\u2019\u00e9cole de rugby<\/li><li style=\"text-align: left;\">En affichant votre logo\u00a0:<\/li><li style=\"text-align: left;\">Sur les gobelets recyclables du club (utilis\u00e9s les jours de matchs)<\/li><li style=\"text-align: left;\">Sur le calendrier de l\u2019\u00e9cole de rugby (diffus\u00e9s au minimum \u00e0 200 ex.)<\/li><li style=\"text-align: left;\">Sur les T-shirts remis aux participants du challenge Marsot\u00a0<\/li><\/ul><\/div>\n\t\t\t\t<\/div>\n\t\t\t\t<\/div>\n\t\t\t\t\t\t<\/div>\n\t\t\t\t\t<\/div>\n\t\t<\/div>\n\t\t\t\t<div class=\"elementor-column elementor-col-50 elementor-top-column elementor-element elementor-element-9ac33df\" data-id=\"9ac33df\" data-element_type=\"column\">\n\t\t\t<div class=\"elementor-column-wrap elementor-element-populated\">\n\t\t\t\t\t\t\t<div class=\"elementor-widget-wrap\">\n\t\t\t\t\t\t<div class=\"elementor-element elementor-element-3b6d4ee elementor-widget elementor-widget-image\" data-id=\"3b6d4ee\" data-element_type=\"widget\" data-widget_type=\"image.default\">\n\t\t\t\t<div class=\"elementor-widget-container\">\n\t\t\t\t\t<div class=\"elementor-image\">\n\t\t\t\t\t\t\t\t\t\t<img width=\"817\" height=\"377\" src=\"http:\/\/rugby-vesoul.net\/wp-content\/uploads\/2019\/07\/Screenshot_20190516-204231_Adobe-Acrobat-2.jpg\" class=\"attachment-large size-large\" alt=\"\" loading=\"lazy\" srcset=\"http:\/\/rugby-vesoul.net\/wp-content\/uploads\/2019\/07\/Screenshot_20190516-204231_Adobe-Acrobat-2.jpg 817w, http:\/\/rugby-vesoul.net\/wp-content\/uploads\/2019\/07\/Screenshot_20190516-204231_Adobe-Acrobat-2-300x138.jpg 300w, http:\/\/rugby-vesoul.net\/wp-content\/uploads\/2019\/07\/Screenshot_20190516-204231_Adobe-Acrobat-2-768x354.jpg 768w, http:\/\/rugby-vesoul.net\/wp-content\/uploads\/2019\/07\/Screenshot_20190516-204231_Adobe-Acrobat-2-173x80.jpg 173w\" sizes=\"(max-width: 817px) 100vw, 817px\" \/>\t\t\t\t\t\t\t\t\t\t\t<\/div>\n\t\t\t\t<\/div>\n\t\t\t\t<\/div>\n\t\t\t\t<div class=\"elementor-element elementor-element-107c827 elementor-widget elementor-widget-image\" data-id=\"107c827\" data-element_type=\"widget\" data-widget_type=\"image.default\">\n\t\t\t\t<div class=\"elementor-widget-container\">\n\t\t\t\t\t<div class=\"elementor-image\">\n\t\t\t\t\t\t\t\t\t\t<img src=\"http:\/\/rugby-vesoul.net\/wp-content\/uploads\/elementor\/thumbs\/20190508_130313-2-oazxrrtrkwq8rxjzkd6eb2fwj1sidiurw4od1kxg0s.jpg\" title=\"20190508_130313 (2)\" alt=\"20190508_130313 (2)\" \/>\t\t\t\t\t\t\t\t\t\t\t<\/div>\n\t\t\t\t<\/div>\n\t\t\t\t<\/div>\n\t\t\t\t<div class=\"elementor-element elementor-element-c88b029 elementor-widget elementor-widget-image\" data-id=\"c88b029\" data-element_type=\"widget\" data-widget_type=\"image.default\">\n\t\t\t\t<div class=\"elementor-widget-container\">\n\t\t\t\t\t<div class=\"elementor-image\">\n\t\t\t\t\t\t\t\t\t\t<img src=\"http:\/\/rugby-vesoul.net\/wp-content\/uploads\/elementor\/thumbs\/20190508_131000-2-oazxsk0wf8nqn8uexpu3vl7vw5wbmc3jp6vsjz0258.jpg\" title=\"20190508_131000 (2)\" alt=\"20190508_131000 (2)\" \/>\t\t\t\t\t\t\t\t\t\t\t<\/div>\n\t\t\t\t<\/div>\n\t\t\t\t<\/div>\n\t\t\t\t<div class=\"elementor-element elementor-element-e452e86 elementor-widget elementor-widget-image\" data-id=\"e452e86\" data-element_type=\"widget\" data-widget_type=\"image.default\">\n\t\t\t\t<div class=\"elementor-widget-container\">\n\t\t\t\t\t<div class=\"elementor-image\">\n\t\t\t\t\t\t\t\t\t\t<img src=\"http:\/\/rugby-vesoul.net\/wp-content\/uploads\/elementor\/thumbs\/Resized_20190509_182830_8098-3-oazxtxugdsmzne4f9xpfs071noqn80jfddax74uvo0.jpg\" title=\"Resized_20190509_182830_8098 (3)\" alt=\"Resized_20190509_182830_8098 (3)\" \/>\t\t\t\t\t\t\t\t\t\t\t<\/div>\n\t\t\t\t<\/div>\n\t\t\t\t<\/div>\n\t\t\t\t\t\t<\/div>\n\t\t\t\t\t<\/div>\n\t\t<\/div>\n\t\t\t\t\t\t\t\t<\/div>\n\t\t\t\t\t<\/div>\n\t\t<\/section>\n\t\t\t\t<section class=\"elementor-section elementor-top-section elementor-element elementor-element-8582c83 elementor-section-boxed elementor-section-height-default elementor-section-height-default\" data-id=\"8582c83\" data-element_type=\"section\">\n\t\t\t\t\t\t<div class=\"elementor-container elementor-column-gap-default\">\n\t\t\t\t\t\t\t<div class=\"elementor-row\">\n\t\t\t\t\t<div class=\"elementor-column elementor-col-100 elementor-top-column elementor-element elementor-element-794be11\" data-id=\"794be11\" data-element_type=\"column\">\n\t\t\t<div class=\"elementor-column-wrap elementor-element-populated\">\n\t\t\t\t\t\t\t<div class=\"elementor-widget-wrap\">\n\t\t\t\t\t\t<div class=\"elementor-element elementor-element-8gna0x1 elementor-widget elementor-widget-text-editor\" data-id=\"8gna0x1\" data-element_type=\"widget\" data-widget_type=\"text-editor.default\">\n\t\t\t\t<div class=\"elementor-widget-container\">\n\t\t\t\t\t<div class=\"elementor-text-editor elementor-clearfix\"><p style=\"text-align: center;\"><strong>Pour tous renseignements, prendre contact avec :<\/strong><\/p><p style=\"text-align: center;\"><strong><span style=\"font-size: 14px;\">St\u00e9phane HALPER<\/span><\/strong><\/p><p style=\"text-align: center;\"><strong><span style=\"font-size: 14px;\">Tel : 06.07.62.74.01<\/span><\/strong><\/p><p style=\"text-align: center;\">\u00a0<\/p><\/div>\n\t\t\t\t<\/div>\n\t\t\t\t<\/div>\n\t\t\t\t\t\t<\/div>\n\t\t\t\t\t<\/div>\n\t\t<\/div>\n\t\t\t\t\t\t\t\t<\/div>\n\t\t\t\t\t<\/div>\n\t\t<\/section>\n\t\t\t\t\t\t<\/div>\n\t\t\t\t\t\t<\/div>\n\t\t\t\t\t<\/div>\n\t\t","protected":false},"excerpt":{"rendered":"<p>Le m\u00e9c\u00e9nat et\/ou sponsoring, vecteurs de communication, vous permettent d\u2019accro\u00eetre,&nbsp;de consolider votre notori\u00e9t\u00e9&nbsp; et d\u2019afficher votre adh\u00e9sion aux valeurs du rugby. VOS MOTIVATIONS &nbsp; CONFORTER VOTRE NOTORIETE MAINTENIR VOTRE VISIBILITE aupr\u00e8s de vos clients existants ACCRO\u00ceTRE VOTRE RAYONNEMENT vers de nouveaux clients PROUVER VOTRE INVESTISSEMENT dans la vie locale COMMUNIQUER [&hellip;]<\/p>\n","protected":false},"author":1,"featured_media":0,"parent":0,"menu_order":0,"comment_status":"closed","ping_status":"closed","template":"","meta":[],"_links":{"self":[{"href":"http:\/\/rugby-vesoul.net\/index.php?rest_route=\/wp\/v2\/pages\/173"}],"collection":[{"href":"http:\/\/rugby-vesoul.net\/index.php?rest_route=\/wp\/v2\/pages"}],"about":[{"href":"http:\/\/rugby-vesoul.net\/index.php?rest_route=\/wp\/v2\/types\/page"}],"author":[{"embeddable":true,"href":"http:\/\/rugby-vesoul.net\/index.php?rest_route=\/wp\/v2\/users\/1"}],"replies":[{"embeddable":true,"href":"http:\/\/rugby-vesoul.net\/index.php?rest_route=%2Fwp%2Fv2%2Fcomments&post=173"}],"version-history":[{"count":15,"href":"http:\/\/rugby-vesoul.net\/index.php?rest_route=\/wp\/v2\/pages\/173\/revisions"}],"predecessor-version":[{"id":1452,"href":"http:\/\/rugby-vesoul.net\/index.php?rest_route=\/wp\/v2\/pages\/173\/revisions\/1452"}],"wp:attachment":[{"href":"http:\/\/rugby-vesoul.net\/index.php?rest_route=%2Fwp%2Fv2%2Fmedia&parent=173"}],"curies":[{"name":"wp","href":"https:\/\/api.w.org\/{rel}","templated":true}]}}