







{"id":159,"date":"2017-05-15T14:57:52","date_gmt":"2017-05-15T12:57:52","guid":{"rendered":"http:\/\/localhost\/rugbyclubvesoul\/?page_id=159"},"modified":"2020-09-03T00:29:22","modified_gmt":"2020-09-02T22:29:22","slug":"les-responsables-de-ledr","status":"publish","type":"page","link":"http:\/\/rugby-vesoul.net\/?page_id=159","title":{"rendered":"Les responsables de l&rsquo;EDR"},"content":{"rendered":"\t\t<div data-elementor-type=\"wp-post\" data-elementor-id=\"159\" class=\"elementor elementor-159\" data-elementor-settings=\"[]\">\n\t\t\t\t\t\t<div class=\"elementor-inner\">\n\t\t\t\t\t\t\t<div class=\"elementor-section-wrap\">\n\t\t\t\t\t\t\t<section class=\"elementor-section elementor-top-section elementor-element elementor-element-k4pfk1c elementor-section-boxed elementor-section-height-default elementor-section-height-default\" data-id=\"k4pfk1c\" data-element_type=\"section\">\n\t\t\t\t\t\t<div class=\"elementor-container elementor-column-gap-default\">\n\t\t\t\t\t\t\t<div class=\"elementor-row\">\n\t\t\t\t\t<div class=\"elementor-column elementor-col-100 elementor-top-column elementor-element elementor-element-0gpjew6\" data-id=\"0gpjew6\" data-element_type=\"column\">\n\t\t\t<div class=\"elementor-column-wrap elementor-element-populated\">\n\t\t\t\t\t\t\t<div class=\"elementor-widget-wrap\">\n\t\t\t\t\t\t<div class=\"elementor-element elementor-element-4250f89 elementor-widget elementor-widget-text-editor\" data-id=\"4250f89\" data-element_type=\"widget\" data-widget_type=\"text-editor.default\">\n\t\t\t\t<div class=\"elementor-widget-container\">\n\t\t\t\t\t<div class=\"elementor-text-editor elementor-clearfix\"><p><strong>L&rsquo;\u00e9cole de Rugby (EDR) a \u00e0 sa t\u00eate 2 responsables :<\/strong><\/p><p><strong>Responsable administratif : C\u00e9cile Fournier<\/strong><\/p><p><strong>Coordinateur sportif : Benjamin FOULON\u00a0<\/strong><\/p><\/div>\n\t\t\t\t<\/div>\n\t\t\t\t<\/div>\n\t\t\t\t\t\t<\/div>\n\t\t\t\t\t<\/div>\n\t\t<\/div>\n\t\t\t\t\t\t\t\t<\/div>\n\t\t\t\t\t<\/div>\n\t\t<\/section>\n\t\t\t\t\t\t<\/div>\n\t\t\t\t\t\t<\/div>\n\t\t\t\t\t<\/div>\n\t\t","protected":false},"excerpt":{"rendered":"<p>L&rsquo;\u00e9cole de Rugby (EDR) a \u00e0 sa t\u00eate 2 responsables : Responsable administratif : C\u00e9cile Fournier Coordinateur sportif : Benjamin FOULON\u00a0<\/p>\n","protected":false},"author":1,"featured_media":0,"parent":0,"menu_order":0,"comment_status":"closed","ping_status":"closed","template":"","meta":[],"_links":{"self":[{"href":"http:\/\/rugby-vesoul.net\/index.php?rest_route=\/wp\/v2\/pages\/159"}],"collection":[{"href":"http:\/\/rugby-vesoul.net\/index.php?rest_route=\/wp\/v2\/pages"}],"about":[{"href":"http:\/\/rugby-vesoul.net\/index.php?rest_route=\/wp\/v2\/types\/page"}],"author":[{"embeddable":true,"href":"http:\/\/rugby-vesoul.net\/index.php?rest_route=\/wp\/v2\/users\/1"}],"replies":[{"embeddable":true,"href":"http:\/\/rugby-vesoul.net\/index.php?rest_route=%2Fwp%2Fv2%2Fcomments&post=159"}],"version-history":[{"count":12,"href":"http:\/\/rugby-vesoul.net\/index.php?rest_route=\/wp\/v2\/pages\/159\/revisions"}],"predecessor-version":[{"id":1706,"href":"http:\/\/rugby-vesoul.net\/index.php?rest_route=\/wp\/v2\/pages\/159\/revisions\/1706"}],"wp:attachment":[{"href":"http:\/\/rugby-vesoul.net\/index.php?rest_route=%2Fwp%2Fv2%2Fmedia&parent=159"}],"curies":[{"name":"wp","href":"https:\/\/api.w.org\/{rel}","templated":true}]}}