







{"id":146,"date":"2017-05-15T14:57:50","date_gmt":"2017-05-15T12:57:50","guid":{"rendered":"http:\/\/localhost\/rugbyclubvesoul\/?page_id=146"},"modified":"2018-10-29T00:21:35","modified_gmt":"2018-10-28T23:21:35","slug":"historique-du-club","status":"publish","type":"page","link":"http:\/\/rugby-vesoul.net\/?page_id=146","title":{"rendered":"Historique du Club"},"content":{"rendered":"\t\t<div data-elementor-type=\"wp-post\" data-elementor-id=\"146\" class=\"elementor elementor-146 elementor-bc-flex-widget\" data-elementor-settings=\"[]\">\n\t\t\t\t\t\t<div class=\"elementor-inner\">\n\t\t\t\t\t\t\t<div class=\"elementor-section-wrap\">\n\t\t\t\t\t\t\t<section class=\"elementor-section elementor-top-section elementor-element elementor-element-ouxcixs elementor-section-boxed elementor-section-height-default elementor-section-height-default\" data-id=\"ouxcixs\" data-element_type=\"section\">\n\t\t\t\t\t\t<div class=\"elementor-container elementor-column-gap-default\">\n\t\t\t\t\t\t\t<div class=\"elementor-row\">\n\t\t\t\t\t<div class=\"elementor-column elementor-col-100 elementor-top-column elementor-element elementor-element-nyzlnkm\" data-id=\"nyzlnkm\" data-element_type=\"column\">\n\t\t\t<div class=\"elementor-column-wrap elementor-element-populated\">\n\t\t\t\t\t\t\t<div class=\"elementor-widget-wrap\">\n\t\t\t\t\t\t<div class=\"elementor-element elementor-element-yzojdre elementor-widget elementor-widget-text-editor\" data-id=\"yzojdre\" data-element_type=\"widget\" data-widget_type=\"text-editor.default\">\n\t\t\t\t<div class=\"elementor-widget-container\">\n\t\t\t\t\t<div class=\"elementor-text-editor elementor-clearfix\"><p><img loading=\"lazy\" class=\"alignnone size-medium wp-image-85 aligncenter\" src=\"http:\/\/localhost\/rugbyclubvesoul\/wp-content\/uploads\/2017\/05\/cropped-image1-300x225.jpg\" alt=\"\" width=\"300\" height=\"225\" srcset=\"http:\/\/rugby-vesoul.net\/wp-content\/uploads\/2017\/05\/cropped-image1-300x225.jpg 300w, http:\/\/rugby-vesoul.net\/wp-content\/uploads\/2017\/05\/cropped-image1-768x575.jpg 768w, http:\/\/rugby-vesoul.net\/wp-content\/uploads\/2017\/05\/cropped-image1-1024x767.jpg 1024w, http:\/\/rugby-vesoul.net\/wp-content\/uploads\/2017\/05\/cropped-image1-107x80.jpg 107w, http:\/\/rugby-vesoul.net\/wp-content\/uploads\/2017\/05\/cropped-image1.jpg 1920w\" sizes=\"(max-width: 300px) 100vw, 300px\" \/><\/p><div class=\"art-article\"><p style=\"text-align: left;\"><span style=\"color: #ffff00;\"><strong>1973 :\u00a0<\/strong><strong>Fondation du RCV : Rugby Club Vesoul<\/strong><\/span><\/p><p style=\"text-align: left;\"><span style=\"color: #ffff00;\"><strong>1976 :\u00a0L&rsquo;Ecole de Rugby fait son appariton (au stade de Frotey-les-Vesoul) avec Jean-Louis SALIES comme entraineur.<\/strong><\/span><\/p><p style=\"text-align: left;\"><span style=\"color: #ffff00;\"><strong>1980 :\u00a0Inauguration du stade de rugby au complexe Le Pontarcher \u00ab\u00a0PIERRE ROUDGE\u00a0\u00bb (7 avril 1980)<\/strong><\/span><\/p><p style=\"text-align: left;\"><span style=\"color: #ffff00;\"><strong>1985 :\u00a0Yves Marsot et Bernard Moulis red\u00e9marrent l&rsquo;Ecole de Rugby laiss\u00e9e en sommeil apr\u00e8s sa cr\u00e9ation en 76<\/strong><\/span><\/p><p style=\"text-align: left;\"><span style=\"color: #ffff00;\"><strong>1989 :\u00a0Le RCV remporte le tournoi \u00e0 XV de Brunswick en Allemagne<\/strong><strong><br \/> <\/strong><\/span><\/p><p style=\"text-align: left;\"><span style=\"color: #ffff00;\"><strong>1992 :\u00a0Le club obtient la qualification pour le championnat de France 2i\u00e8me S\u00e9rie : victoire au premier tour sur Chasse s\/Rh\u00f4ne puis \u00e9limination par Servian au tour suivant.<\/strong><\/span><\/p><p style=\"text-align: left;\"><span style=\"color: #ffff00;\"><strong>1994 :\u00a0Championnat de Franche-Comt\u00e9 S\u00e9ries : Qualification pour le championnat de France 1i\u00e8re S\u00e9rie (victoire au 1er tour sur Hagondange \u00a0puis \u00e9limination par l&rsquo;Hay Les Roses au second tour)<\/strong><\/span><\/p><p style=\"text-align: left;\"><span style=\"color: #ffff00;\"><strong>1994-1995 :\u00a0Participation au championnat de Bourgogne Honneur : Le club se classe 8i\u00e8me sur 12.<\/strong><\/span><\/p><p style=\"text-align: left;\"><span style=\"color: #ffff00;\"><strong>1998 :\u00a025i\u00e8me Anniversaire du RC Vesoul<\/strong><\/span><\/p><p style=\"text-align: left;\"><span style=\"color: #ffff00;\"><strong>2005 :\u00a0Le RC Vesoul fait partie des meilleures \u00e9quipes de la poule de Franche-Comt\u00e9 durant 3 ans<\/strong><\/span><\/p><p style=\"text-align: left;\"><span style=\"color: #ffff00;\"><strong>2008 : Le RC Vesoul est promu en Promotion Honneur de Bourgogne en devenant Champion de Franche-Comt\u00e9<\/strong><\/span><\/p><p style=\"text-align: left;\"><span style=\"color: #ffff00;\"><strong>La FFR attribue la labellisation \u00e0 l&rsquo;Ecole de Rugby<br \/> <\/strong><\/span><\/p><p style=\"text-align: left;\"><span style=\"color: #ffff00;\"><strong>2009 :\u00a0Le RC Vesoul est promu en Honneur Bourgogne Franche-Comt\u00e9 gr\u00e2ce \u00e0 sa seconde place de sa poule Promotion d&rsquo;Honneur. La seconde mont\u00e9e en l&rsquo;espace de 2 ans !<\/strong><strong><br \/> <\/strong><\/span><\/p><p style=\"text-align: left;\"><span style=\"color: #ffff00;\"><strong>Distinction du RC Vesoul lors de la remise des Troph\u00e9es de la ville de Vesoul : 1 m\u00e9daille est remise \u00e0 Charles T\u00e9ton. Apr\u00e8s 2 ans de rugby, Charles a obtenu sa s\u00e9lection pour le p\u00f4le espoire de Dijon en moins de 15 ans. 1 troph\u00e9e est \u00e9galement remis \u00e0 l&rsquo;\u00e9quipe des moins de 11ans pour leur belle saison. Et un Troph\u00e9 es remis \u00e0 l&rsquo;\u00e9quipe S\u00e9nior pour sa seconde place de sa poule qualificative pour la mont\u00e9e en championnat Honneur.<br \/> <\/strong><\/span><\/p><p style=\"text-align: left;\"><span style=\"color: #ffff00;\"><strong>2010 :\u00a0Cr\u00e9ation de la plaquette du RC Vesoul et cr\u00e9ation du site Internet : www.rugby-vesoul.net<\/strong><\/span><\/p><p style=\"text-align: left;\"><span style=\"color: #ffff00;\"><strong>2011 :\u00a0Le club est revers\u00e9 dans le championnat Promotion Honneur suite \u00e0 une refonte des poules F\u00e9d\u00e9rales.<\/strong><\/span><\/p><p style=\"text-align: left;\"><span style=\"color: #ffff00;\"><strong>2012 : Belle saison en championnat Promotion Honneur avec une qualification pour la phase finale du championnat de France Promotion Honneur<\/strong><\/span><\/p><p style=\"text-align: left;\"><span style=\"color: #ffff00;\"><strong>Le RC Vesoul gr\u00e2ce \u00e0 un magnifique parcours atteint les 1\/4 de Finale contre l&rsquo;US Castillonnaise\u00a0 mais \u00e9choue aux portes des 1\/2&#8230;<\/strong><\/span><\/p><p style=\"text-align: left;\"><span style=\"color: #ffff00;\"><strong>2013 : 40i\u00e8me Anniversaire du RC Vesoul.<\/strong><\/span><\/p><p style=\"text-align: left;\"><span style=\"color: #ffff00;\"><strong>3i\u00e8me du Championnat Promotion Honneur ; \u00e9limin\u00e9 d\u00e8s les 1\/32 i\u00e8me de finale du championnat de France par l&rsquo;\u00e9quipe de Rambouillet Sport Rugby (15-38)<br \/> <\/strong><\/span><\/p><p style=\"text-align: left;\"><span style=\"color: #ffff00;\"><strong>Le club re\u00e7oit le Bouclier du meilleur club parmi les clubs de s\u00e9ries du comit\u00e9 Territorial de Franche-Comt\u00e9 saison 2012-2013<\/strong><\/span><\/p><p style=\"text-align: left;\"><span style=\"color: #ffff00;\"><strong>2014 :\u00a0Le RC Vesoul finit 5i\u00e8me de la poule Promotion Honneur de Bourgogne Franche-Comt\u00e9<\/strong><\/span><\/p><p style=\"text-align: left;\"><span style=\"color: #ffff00;\"><strong>Disparition d&rsquo;Yves MARSOT (responsable \u00e9cole de rugby dans les ann\u00e9es 85\/90 et Educateur Jeunes Cadets Juniors) et de Claude Trupcevic (fid\u00e8le supporter et sponsor du RC Vesoul)<\/strong><\/span><\/p><p style=\"text-align: left;\"><span style=\"color: #ffff00;\"><strong>2015\u00a0: Le RC Vesoul accroche la troisi\u00e8me place et se qualifie pour la phase finale du championnat de France Promotion Honneur<\/strong><\/span><\/p><p style=\"text-align: left;\"><span style=\"color: #ffff00;\"><strong>L&rsquo;\u00e9cole de Rugby honore la disparition d&rsquo;Yves Marsot en cr\u00e9ant le Troph\u00e9e qui porte son nom.\u00a0<\/strong><\/span><\/p><p style=\"text-align: left;\"><strong style=\"color: #ffff00; font-size: 14px;\">2016\u00a0: Saison Historique pour le RC Vesoul : Invaincu en Championnat Promotion Honneur, le RCV termine en t\u00eate de sa poule et acc\u00e8de au niveau sup\u00e9rieur le Championnat Honneur !<\/strong><\/p><p style=\"text-align: left;\"><span style=\"color: #ffff00;\"><strong>Cerise sur le G\u00e2teau, le club s&rsquo;adjuge le titre de Champion Promotion Honneur en battant Buxy en finale \u00e0 Beaune. Un troph\u00e9e partag\u00e9 avec l&rsquo;\u00e9quipe r\u00e9serve qui, malgr\u00e9 un excellent parcours en saison r\u00e9guli\u00e8re, a perdu sa finale contre l&rsquo;\u00e9quipe du \u00a0RC XV Charolais Brionnais<\/strong><\/span><\/p><p style=\"text-align: left;\"><span style=\"color: #ffff00;\"><strong>2017 :\u00a0Malgr\u00e9 un d\u00e9but de saison en fanfare pour le RC Vesoul pour son entr\u00e9e dans le championnat Honneur, 4 victoires cons\u00e9cutives dont 1 contre le favori l&rsquo;EMBAR, nos jaunes et noirs ont connu des difficult\u00e9s d\u00fb \u00e0 des blessures et indisponibilit\u00e9s de certains joueurs lors des phases retour&#8230; (bilan : 8 victoires, 12 d\u00e9faites)<\/strong><\/span><\/p><p style=\"text-align: left;\"><span style=\"color: #ffff00;\"><strong>2018 : Apr\u00e8s une saison correcte (8 victoires, 1 nul et 9 d\u00e9faites), le RCV prend la 4i\u00e8me place. Le r\u00e8glement f\u00e9d\u00e9ral permettra au RC Vesoul de jouer les phases finales du championnat de France Honneur. Les jaunes et noirs tomberont en 1\/32i\u00e8me de Finale contre l&rsquo;\u00e9quipe de l&rsquo;A Amicale Sarcelles 21 &#8211; 27<\/strong><\/span><\/p><p style=\"text-align: left;\"><span style=\"color: #ffff00;\"><strong>Beau parcours<\/strong><strong>\u00a0pour nos Minimes (Moins de 14ans) titr\u00e9s \u00e0 Beaune pour leur premi\u00e8re place dans le championnat Bourgogne Franche-Comt\u00e9 niveau B. Nos jeunes recevront une distinction lors du Troph\u00e9e des Sports de la ville.<\/strong><\/span><\/p><p style=\"text-align: left;\"><span style=\"color: #ffff00;\"><strong>Inauguration du Terrain Annexe avec M. Alain Chr\u00e9tien, Maire de Vesoul et Pr\u00e9sident de Vesoul Agglo, Mme Marie-Line Martin, d\u00e9l\u00e9gu\u00e9e aux sports, les \u00e9lus de la ville de Vesoul et de Vesoul Agglo.<\/strong><\/span><\/p><p style=\"text-align: left;\"><span style=\"color: #ffff00;\"><strong>2019 :\u00a0<\/strong><\/span><\/p><\/div><\/div>\n\t\t\t\t<\/div>\n\t\t\t\t<\/div>\n\t\t\t\t\t\t<\/div>\n\t\t\t\t\t<\/div>\n\t\t<\/div>\n\t\t\t\t\t\t\t\t<\/div>\n\t\t\t\t\t<\/div>\n\t\t<\/section>\n\t\t\t\t\t\t<\/div>\n\t\t\t\t\t\t<\/div>\n\t\t\t\t\t<\/div>\n\t\t","protected":false},"excerpt":{"rendered":"<p>1973 :\u00a0Fondation du RCV : Rugby Club Vesoul 1976 :\u00a0L&rsquo;Ecole de Rugby fait son appariton (au stade de Frotey-les-Vesoul) avec Jean-Louis SALIES comme entraineur. 1980 :\u00a0Inauguration du stade de rugby au complexe Le Pontarcher \u00ab\u00a0PIERRE ROUDGE\u00a0\u00bb (7 avril 1980) 1985 :\u00a0Yves Marsot et Bernard Moulis red\u00e9marrent l&rsquo;Ecole de Rugby laiss\u00e9e [&hellip;]<\/p>\n","protected":false},"author":1,"featured_media":0,"parent":0,"menu_order":0,"comment_status":"closed","ping_status":"closed","template":"","meta":[],"_links":{"self":[{"href":"http:\/\/rugby-vesoul.net\/index.php?rest_route=\/wp\/v2\/pages\/146"}],"collection":[{"href":"http:\/\/rugby-vesoul.net\/index.php?rest_route=\/wp\/v2\/pages"}],"about":[{"href":"http:\/\/rugby-vesoul.net\/index.php?rest_route=\/wp\/v2\/types\/page"}],"author":[{"embeddable":true,"href":"http:\/\/rugby-vesoul.net\/index.php?rest_route=\/wp\/v2\/users\/1"}],"replies":[{"embeddable":true,"href":"http:\/\/rugby-vesoul.net\/index.php?rest_route=%2Fwp%2Fv2%2Fcomments&post=146"}],"version-history":[{"count":6,"href":"http:\/\/rugby-vesoul.net\/index.php?rest_route=\/wp\/v2\/pages\/146\/revisions"}],"predecessor-version":[{"id":1320,"href":"http:\/\/rugby-vesoul.net\/index.php?rest_route=\/wp\/v2\/pages\/146\/revisions\/1320"}],"wp:attachment":[{"href":"http:\/\/rugby-vesoul.net\/index.php?rest_route=%2Fwp%2Fv2%2Fmedia&parent=146"}],"curies":[{"name":"wp","href":"https:\/\/api.w.org\/{rel}","templated":true}]}}